{"id":1329,"date":"2022-03-08T18:33:20","date_gmt":"2022-03-08T18:33:20","guid":{"rendered":"https:\/\/www.filmwork.mx\/?page_id=1329"},"modified":"2022-03-31T17:16:47","modified_gmt":"2022-03-31T17:16:47","slug":"cristiano-winter","status":"publish","type":"page","link":"https:\/\/www.filmwork.mx\/es\/cristiano-winter\/","title":{"rendered":"Cristiano Winter"},"content":{"rendered":"<div data-elementor-type=\"wp-page\" data-elementor-id=\"1329\" class=\"elementor elementor-1329\">\n\t\t\t\t\t\t<section class=\"elementor-section elementor-top-section elementor-element elementor-element-f6df426 elementor-section-full_width elementor-section-height-full elementor-section-content-middle elementor-section-height-default elementor-section-items-middle\" data-id=\"f6df426\" data-element_type=\"section\">\n\t\t\t\t\t\t\t<div class=\"elementor-background-overlay\"><\/div>\n\t\t\t\t\t\t\t<div class=\"elementor-container elementor-column-gap-extended\">\n\t\t\t\t\t<div class=\"elementor-column elementor-col-33 elementor-top-column elementor-element elementor-element-6e5118a\" data-id=\"6e5118a\" data-element_type=\"column\">\n\t\t\t<div class=\"elementor-widget-wrap elementor-element-populated\">\n\t\t\t\t\t\t<div class=\"elementor-element elementor-element-665434f elementor-widget elementor-widget-image\" data-id=\"665434f\" data-element_type=\"widget\" data-widget_type=\"image.default\">\n\t\t\t\t<div class=\"elementor-widget-container\">\n\t\t\t\t\t\t\t\t\t\t\t\t\t\t\t<img fetchpriority=\"high\" decoding=\"async\" width=\"270\" height=\"330\" src=\"https:\/\/www.filmwork.mx\/wp-content\/uploads\/2022\/02\/team-home-cris-blanco-y-negro.png\" class=\"attachment-large size-large wp-image-790\" alt=\"\" srcset=\"https:\/\/www.filmwork.mx\/wp-content\/uploads\/2022\/02\/team-home-cris-blanco-y-negro.png 270w, https:\/\/www.filmwork.mx\/wp-content\/uploads\/2022\/02\/team-home-cris-blanco-y-negro-245x300.png 245w\" sizes=\"(max-width: 270px) 100vw, 270px\" \/>\t\t\t\t\t\t\t\t\t\t\t\t\t\t\t<\/div>\n\t\t\t\t<\/div>\n\t\t\t\t\t<\/div>\n\t\t<\/div>\n\t\t\t\t<div class=\"elementor-column elementor-col-33 elementor-top-column elementor-element elementor-element-a1f9d03\" data-id=\"a1f9d03\" data-element_type=\"column\">\n\t\t\t<div class=\"elementor-widget-wrap elementor-element-populated\">\n\t\t\t\t\t\t<div class=\"elementor-element elementor-element-c960bcb elementor-widget elementor-widget-heading\" data-id=\"c960bcb\" data-element_type=\"widget\" data-widget_type=\"heading.default\">\n\t\t\t\t<div class=\"elementor-widget-container\">\n\t\t\t\t\t<h2 class=\"elementor-heading-title elementor-size-default\">Cristiano winter<\/h2>\t\t\t\t<\/div>\n\t\t\t\t<\/div>\n\t\t\t\t<div class=\"elementor-element elementor-element-71a185c elementor-widget elementor-widget-text-editor\" data-id=\"71a185c\" data-element_type=\"widget\" data-widget_type=\"text-editor.default\">\n\t\t\t\t<div class=\"elementor-widget-container\">\n\t\t\t\t\t\t\t\t\t<h3 style=\"color: #ffffff;\">Director Creativo de Contenidos, Productor Ejecutivo, Padre, Esposo, viajero, entrega su alma a cada idea, proyecto o sue\u00f1o, nunca deja de crear nuevas formas de comunicar, un nuevo d\u00eda, una nueva idea, 220v. Un brasile\u00f1o viviendo (muy muy feliz) en M\u00e9xico.\n<\/h3>\t\t\t\t\t\t\t\t<\/div>\n\t\t\t\t<\/div>\n\t\t\t\t\t<\/div>\n\t\t<\/div>\n\t\t\t\t<div class=\"elementor-column elementor-col-33 elementor-top-column elementor-element elementor-element-355bfb6\" data-id=\"355bfb6\" data-element_type=\"column\">\n\t\t\t<div class=\"elementor-widget-wrap\">\n\t\t\t\t\t\t\t<\/div>\n\t\t<\/div>\n\t\t\t\t\t<\/div>\n\t\t<\/section>\n\t\t\t\t<\/div>","protected":false},"excerpt":{"rendered":"<p>Cristiano winter Content Creative Director, Executive Producer, Father, Husband, traveler, gives his soul to every idea, project, or dream, never stops creating new ways to communicate, one new day, one new idea, 220v. A Brazilian living (very very happy) in Mexico.<\/p>","protected":false},"author":1,"featured_media":0,"parent":0,"menu_order":0,"comment_status":"closed","ping_status":"closed","template":"page-templates\/timeline.php","meta":{"_monsterinsights_skip_tracking":false,"_monsterinsights_sitenote_active":false,"_monsterinsights_sitenote_note":"","_monsterinsights_sitenote_category":0,"_joinchat":[],"footnotes":""},"class_list":["post-1329","page","type-page","status-publish","hentry"],"aioseo_notices":[],"_links":{"self":[{"href":"https:\/\/www.filmwork.mx\/es\/wp-json\/wp\/v2\/pages\/1329","targetHints":{"allow":["GET"]}}],"collection":[{"href":"https:\/\/www.filmwork.mx\/es\/wp-json\/wp\/v2\/pages"}],"about":[{"href":"https:\/\/www.filmwork.mx\/es\/wp-json\/wp\/v2\/types\/page"}],"author":[{"embeddable":true,"href":"https:\/\/www.filmwork.mx\/es\/wp-json\/wp\/v2\/users\/1"}],"replies":[{"embeddable":true,"href":"https:\/\/www.filmwork.mx\/es\/wp-json\/wp\/v2\/comments?post=1329"}],"version-history":[{"count":101,"href":"https:\/\/www.filmwork.mx\/es\/wp-json\/wp\/v2\/pages\/1329\/revisions"}],"predecessor-version":[{"id":2023,"href":"https:\/\/www.filmwork.mx\/es\/wp-json\/wp\/v2\/pages\/1329\/revisions\/2023"}],"wp:attachment":[{"href":"https:\/\/www.filmwork.mx\/es\/wp-json\/wp\/v2\/media?parent=1329"}],"curies":[{"name":"wp","href":"https:\/\/api.w.org\/{rel}","templated":true}]}}