{"id":1788,"date":"2022-03-31T04:01:59","date_gmt":"2022-03-31T04:01:59","guid":{"rendered":"https:\/\/www.filmwork.mx\/?page_id=1788"},"modified":"2022-05-17T16:21:53","modified_gmt":"2022-05-17T16:21:53","slug":"gustavo-jimenez","status":"publish","type":"page","link":"https:\/\/www.filmwork.mx\/es\/gustavo-jimenez\/","title":{"rendered":"Gustavo Jimenez"},"content":{"rendered":"<div data-elementor-type=\"wp-page\" data-elementor-id=\"1788\" class=\"elementor elementor-1788\">\n\t\t\t\t\t\t<section class=\"elementor-section elementor-top-section elementor-element elementor-element-f6df426 elementor-section-full_width elementor-section-height-full elementor-section-content-middle elementor-section-height-default elementor-section-items-middle\" data-id=\"f6df426\" data-element_type=\"section\" data-settings=\"{&quot;background_background&quot;:&quot;classic&quot;}\">\n\t\t\t\t\t\t\t<div class=\"elementor-background-overlay\"><\/div>\n\t\t\t\t\t\t\t<div class=\"elementor-container elementor-column-gap-extended\">\n\t\t\t\t\t<div class=\"elementor-column elementor-col-33 elementor-top-column elementor-element elementor-element-6e5118a\" data-id=\"6e5118a\" data-element_type=\"column\">\n\t\t\t<div class=\"elementor-widget-wrap elementor-element-populated\">\n\t\t\t\t\t\t<div class=\"elementor-element elementor-element-665434f elementor-widget elementor-widget-image\" data-id=\"665434f\" data-element_type=\"widget\" data-widget_type=\"image.default\">\n\t\t\t\t<div class=\"elementor-widget-container\">\n\t\t\t\t\t\t\t\t\t\t\t\t\t\t\t<img fetchpriority=\"high\" decoding=\"async\" width=\"270\" height=\"290\" src=\"https:\/\/www.filmwork.mx\/wp-content\/uploads\/2022\/01\/Team-Gus.png\" class=\"attachment-large size-large wp-image-641\" alt=\"\" \/>\t\t\t\t\t\t\t\t\t\t\t\t\t\t\t<\/div>\n\t\t\t\t<\/div>\n\t\t\t\t\t<\/div>\n\t\t<\/div>\n\t\t\t\t<div class=\"elementor-column elementor-col-33 elementor-top-column elementor-element elementor-element-a1f9d03\" data-id=\"a1f9d03\" data-element_type=\"column\">\n\t\t\t<div class=\"elementor-widget-wrap elementor-element-populated\">\n\t\t\t\t\t\t<div class=\"elementor-element elementor-element-c960bcb elementor-widget elementor-widget-heading\" data-id=\"c960bcb\" data-element_type=\"widget\" data-widget_type=\"heading.default\">\n\t\t\t\t<div class=\"elementor-widget-container\">\n\t\t\t\t\t<h2 class=\"elementor-heading-title elementor-size-default\">Gustavo Jimenez<\/h2>\t\t\t\t<\/div>\n\t\t\t\t<\/div>\n\t\t\t\t<div class=\"elementor-element elementor-element-71a185c elementor-widget elementor-widget-text-editor\" data-id=\"71a185c\" data-element_type=\"widget\" data-widget_type=\"text-editor.default\">\n\t\t\t\t<div class=\"elementor-widget-container\">\n\t\t\t\t\t\t\t\t\t<h3 style=\"color: #ffffff;\">Gustavo es un fot\u00f3grafo apasionado por contar historias a trav\u00e9s de los lentes de sus c\u00e1maras. A lo largo de sus m\u00e1s de 10 a\u00f1os en la industria, desarroll\u00f3 sus procesos creativos y su pasi\u00f3n por diferentes experiencias audiovisuales. Socio aqu\u00ed en filmwork audiovisuales, Gustavo tambi\u00e9n colabora con proyectos de Televisi\u00f3n para el Canal 44 (Universidad de Guadalajara).<\/h3>\t\t\t\t\t\t\t\t<\/div>\n\t\t\t\t<\/div>\n\t\t\t\t\t<\/div>\n\t\t<\/div>\n\t\t\t\t<div class=\"elementor-column elementor-col-33 elementor-top-column elementor-element elementor-element-355bfb6\" data-id=\"355bfb6\" data-element_type=\"column\">\n\t\t\t<div class=\"elementor-widget-wrap\">\n\t\t\t\t\t\t\t<\/div>\n\t\t<\/div>\n\t\t\t\t\t<\/div>\n\t\t<\/section>\n\t\t\t\t<\/div>","protected":false},"excerpt":{"rendered":"<p>Gustavo Jimenez Gustavo is a photographer passionate for storytelling through the lenses of his cameras. Throughout his 10 plus years in the industry, he developed his creative processes and his passion for different audiovisual experiences. Partner here at filmwork audiovisuals, Gustavo also collaborates with Television projects for the Channel 44 (University of Guadalajara).<\/p>","protected":false},"author":1,"featured_media":0,"parent":0,"menu_order":0,"comment_status":"closed","ping_status":"closed","template":"page-templates\/timeline.php","meta":{"_monsterinsights_skip_tracking":false,"_monsterinsights_sitenote_active":false,"_monsterinsights_sitenote_note":"","_monsterinsights_sitenote_category":0,"_joinchat":[],"footnotes":""},"class_list":["post-1788","page","type-page","status-publish","hentry"],"aioseo_notices":[],"_links":{"self":[{"href":"https:\/\/www.filmwork.mx\/es\/wp-json\/wp\/v2\/pages\/1788","targetHints":{"allow":["GET"]}}],"collection":[{"href":"https:\/\/www.filmwork.mx\/es\/wp-json\/wp\/v2\/pages"}],"about":[{"href":"https:\/\/www.filmwork.mx\/es\/wp-json\/wp\/v2\/types\/page"}],"author":[{"embeddable":true,"href":"https:\/\/www.filmwork.mx\/es\/wp-json\/wp\/v2\/users\/1"}],"replies":[{"embeddable":true,"href":"https:\/\/www.filmwork.mx\/es\/wp-json\/wp\/v2\/comments?post=1788"}],"version-history":[{"count":28,"href":"https:\/\/www.filmwork.mx\/es\/wp-json\/wp\/v2\/pages\/1788\/revisions"}],"predecessor-version":[{"id":2027,"href":"https:\/\/www.filmwork.mx\/es\/wp-json\/wp\/v2\/pages\/1788\/revisions\/2027"}],"wp:attachment":[{"href":"https:\/\/www.filmwork.mx\/es\/wp-json\/wp\/v2\/media?parent=1788"}],"curies":[{"name":"wp","href":"https:\/\/api.w.org\/{rel}","templated":true}]}}