{"id":1809,"date":"2022-03-31T04:12:47","date_gmt":"2022-03-31T04:12:47","guid":{"rendered":"https:\/\/www.filmwork.mx\/?page_id=1809"},"modified":"2022-03-31T17:15:29","modified_gmt":"2022-03-31T17:15:29","slug":"alejandro-aldama","status":"publish","type":"page","link":"https:\/\/www.filmwork.mx\/es\/alejandro-aldama\/","title":{"rendered":"Alejandro"},"content":{"rendered":"<div data-elementor-type=\"wp-page\" data-elementor-id=\"1809\" class=\"elementor elementor-1809\">\n\t\t\t\t\t\t<section class=\"elementor-section elementor-top-section elementor-element elementor-element-f6df426 elementor-section-full_width elementor-section-height-full elementor-section-content-middle elementor-section-height-default elementor-section-items-middle\" data-id=\"f6df426\" data-element_type=\"section\">\n\t\t\t\t\t\t\t<div class=\"elementor-background-overlay\"><\/div>\n\t\t\t\t\t\t\t<div class=\"elementor-container elementor-column-gap-extended\">\n\t\t\t\t\t<div class=\"elementor-column elementor-col-33 elementor-top-column elementor-element elementor-element-6e5118a\" data-id=\"6e5118a\" data-element_type=\"column\">\n\t\t\t<div class=\"elementor-widget-wrap elementor-element-populated\">\n\t\t\t\t\t\t<div class=\"elementor-element elementor-element-665434f elementor-widget elementor-widget-image\" data-id=\"665434f\" data-element_type=\"widget\" data-widget_type=\"image.default\">\n\t\t\t\t<div class=\"elementor-widget-container\">\n\t\t\t\t\t\t\t\t\t\t\t\t\t\t\t<img fetchpriority=\"high\" decoding=\"async\" width=\"270\" height=\"330\" src=\"https:\/\/www.filmwork.mx\/wp-content\/uploads\/2022\/03\/Alex.png\" class=\"attachment-large size-large wp-image-1602\" alt=\"\" srcset=\"https:\/\/www.filmwork.mx\/wp-content\/uploads\/2022\/03\/Alex.png 270w, https:\/\/www.filmwork.mx\/wp-content\/uploads\/2022\/03\/Alex-245x300.png 245w, https:\/\/www.filmwork.mx\/wp-content\/uploads\/2022\/03\/Alex-10x12.png 10w\" sizes=\"(max-width: 270px) 100vw, 270px\" \/>\t\t\t\t\t\t\t\t\t\t\t\t\t\t\t<\/div>\n\t\t\t\t<\/div>\n\t\t\t\t\t<\/div>\n\t\t<\/div>\n\t\t\t\t<div class=\"elementor-column elementor-col-33 elementor-top-column elementor-element elementor-element-a1f9d03\" data-id=\"a1f9d03\" data-element_type=\"column\">\n\t\t\t<div class=\"elementor-widget-wrap elementor-element-populated\">\n\t\t\t\t\t\t<div class=\"elementor-element elementor-element-c960bcb elementor-widget elementor-widget-heading\" data-id=\"c960bcb\" data-element_type=\"widget\" data-widget_type=\"heading.default\">\n\t\t\t\t<div class=\"elementor-widget-container\">\n\t\t\t\t\t<h2 class=\"elementor-heading-title elementor-size-default\">Alejandro aldama<\/h2>\t\t\t\t<\/div>\n\t\t\t\t<\/div>\n\t\t\t\t<div class=\"elementor-element elementor-element-71a185c elementor-widget elementor-widget-text-editor\" data-id=\"71a185c\" data-element_type=\"widget\" data-widget_type=\"text-editor.default\">\n\t\t\t\t<div class=\"elementor-widget-container\">\n\t\t\t\t\t\t\t\t\t<h3 style=\"color: #ffffff;\">Alejandro es un productor que ama el proceso del equipo de producci\u00f3n, muy organizado y met\u00f3dico, siempre dice: \u201cLa disciplina, el orden y la planificaci\u00f3n son claves para nutrir un arte que tiende puentes para comunicar ideas y emociones\u201d. Y tiene raz\u00f3n, para hacer realidad tu sue\u00f1o, tienes que empezar a construir ese sue\u00f1o.\n<\/h3>\t\t\t\t\t\t\t\t<\/div>\n\t\t\t\t<\/div>\n\t\t\t\t\t<\/div>\n\t\t<\/div>\n\t\t\t\t<div class=\"elementor-column elementor-col-33 elementor-top-column elementor-element elementor-element-355bfb6\" data-id=\"355bfb6\" data-element_type=\"column\">\n\t\t\t<div class=\"elementor-widget-wrap\">\n\t\t\t\t\t\t\t<\/div>\n\t\t<\/div>\n\t\t\t\t\t<\/div>\n\t\t<\/section>\n\t\t\t\t<\/div>","protected":false},"excerpt":{"rendered":"<p>Alejandro aldama Alejandro is a producer that loves the process of the production team, very organized and methodical, he always say: \u201cDiscipline, order and planning are key to nurture an art that builds bridges to communicate ideas and emotions\u201d. And he is right, to make your dream come true, you have to start building that [&hellip;]<\/p>","protected":false},"author":1,"featured_media":0,"parent":0,"menu_order":0,"comment_status":"closed","ping_status":"closed","template":"page-templates\/timeline.php","meta":{"_monsterinsights_skip_tracking":false,"_monsterinsights_sitenote_active":false,"_monsterinsights_sitenote_note":"","_monsterinsights_sitenote_category":0,"_joinchat":[],"footnotes":""},"class_list":["post-1809","page","type-page","status-publish","hentry"],"aioseo_notices":[],"_links":{"self":[{"href":"https:\/\/www.filmwork.mx\/es\/wp-json\/wp\/v2\/pages\/1809","targetHints":{"allow":["GET"]}}],"collection":[{"href":"https:\/\/www.filmwork.mx\/es\/wp-json\/wp\/v2\/pages"}],"about":[{"href":"https:\/\/www.filmwork.mx\/es\/wp-json\/wp\/v2\/types\/page"}],"author":[{"embeddable":true,"href":"https:\/\/www.filmwork.mx\/es\/wp-json\/wp\/v2\/users\/1"}],"replies":[{"embeddable":true,"href":"https:\/\/www.filmwork.mx\/es\/wp-json\/wp\/v2\/comments?post=1809"}],"version-history":[{"count":17,"href":"https:\/\/www.filmwork.mx\/es\/wp-json\/wp\/v2\/pages\/1809\/revisions"}],"predecessor-version":[{"id":2028,"href":"https:\/\/www.filmwork.mx\/es\/wp-json\/wp\/v2\/pages\/1809\/revisions\/2028"}],"wp:attachment":[{"href":"https:\/\/www.filmwork.mx\/es\/wp-json\/wp\/v2\/media?parent=1809"}],"curies":[{"name":"wp","href":"https:\/\/api.w.org\/{rel}","templated":true}]}}