{"id":2104,"date":"2023-04-26T18:13:37","date_gmt":"2023-04-26T18:13:37","guid":{"rendered":"https:\/\/www.filmwork.mx\/?page_id=2104"},"modified":"2023-04-26T19:15:33","modified_gmt":"2023-04-26T19:15:33","slug":"myrella-winter","status":"publish","type":"page","link":"https:\/\/www.filmwork.mx\/es\/myrella-winter\/","title":{"rendered":"MYRELLA Winter"},"content":{"rendered":"<div data-elementor-type=\"wp-page\" data-elementor-id=\"2104\" class=\"elementor elementor-2104\">\n\t\t\t\t\t\t<section class=\"elementor-section elementor-top-section elementor-element elementor-element-f6df426 elementor-section-full_width elementor-section-height-full elementor-section-content-middle elementor-section-height-default elementor-section-items-middle\" data-id=\"f6df426\" data-element_type=\"section\">\n\t\t\t\t\t\t\t<div class=\"elementor-background-overlay\"><\/div>\n\t\t\t\t\t\t\t<div class=\"elementor-container elementor-column-gap-extended\">\n\t\t\t\t\t<div class=\"elementor-column elementor-col-33 elementor-top-column elementor-element elementor-element-6e5118a\" data-id=\"6e5118a\" data-element_type=\"column\">\n\t\t\t<div class=\"elementor-widget-wrap elementor-element-populated\">\n\t\t\t\t\t\t<div class=\"elementor-element elementor-element-665434f elementor-widget elementor-widget-image\" data-id=\"665434f\" data-element_type=\"widget\" data-widget_type=\"image.default\">\n\t\t\t\t<div class=\"elementor-widget-container\">\n\t\t\t\t\t\t\t\t\t\t\t\t\t\t\t<img fetchpriority=\"high\" decoding=\"async\" width=\"576\" height=\"696\" src=\"https:\/\/www.filmwork.mx\/wp-content\/uploads\/2023\/04\/cropped-MYRELLAPB.jpg\" class=\"attachment-medium_large size-medium_large wp-image-2097\" alt=\"\" srcset=\"https:\/\/www.filmwork.mx\/wp-content\/uploads\/2023\/04\/cropped-MYRELLAPB.jpg 576w, https:\/\/www.filmwork.mx\/wp-content\/uploads\/2023\/04\/cropped-MYRELLAPB-248x300.jpg 248w, https:\/\/www.filmwork.mx\/wp-content\/uploads\/2023\/04\/cropped-MYRELLAPB-10x12.jpg 10w\" sizes=\"(max-width: 576px) 100vw, 576px\" \/>\t\t\t\t\t\t\t\t\t\t\t\t\t\t\t<\/div>\n\t\t\t\t<\/div>\n\t\t\t\t\t<\/div>\n\t\t<\/div>\n\t\t\t\t<div class=\"elementor-column elementor-col-33 elementor-top-column elementor-element elementor-element-a1f9d03\" data-id=\"a1f9d03\" data-element_type=\"column\">\n\t\t\t<div class=\"elementor-widget-wrap elementor-element-populated\">\n\t\t\t\t\t\t<div class=\"elementor-element elementor-element-c960bcb elementor-widget elementor-widget-heading\" data-id=\"c960bcb\" data-element_type=\"widget\" data-widget_type=\"heading.default\">\n\t\t\t\t<div class=\"elementor-widget-container\">\n\t\t\t\t\t<h2 class=\"elementor-heading-title elementor-size-default\">MYRELLA winter<\/h2>\t\t\t\t<\/div>\n\t\t\t\t<\/div>\n\t\t\t\t<div class=\"elementor-element elementor-element-71a185c elementor-drop-cap-yes elementor-drop-cap-view-default elementor-widget elementor-widget-text-editor\" data-id=\"71a185c\" data-element_type=\"widget\" data-settings=\"{&quot;drop_cap&quot;:&quot;yes&quot;}\" data-widget_type=\"text-editor.default\">\n\t\t\t\t<div class=\"elementor-widget-container\">\n\t\t\t\t\t\t\t\t\t<p><span style=\"color: #ffffff;\"><b>MYRELLA ES UNA PRODUCTORA DE EVENTOS A LA QUE LE ENCANTA SATISFACER LAS NECESIDADES DE LOS DEM\u00c1S Y APROVECHAR AL M\u00c1XIMO LAS OPORTUNIDADES.<span style=\"color: #ffffff;\">.<\/span>&nbsp;CONTRIBUIR A LA SOCIEDAD Y ADQUIRIR NUEVAS HABILIDADES SON SUS OBJETIVOS.&nbsp;<\/b><\/span><\/p>\n<p><span style=\"color: #ffffff;\"><b>GRADUADA EN EDUCACI\u00d3N ART\u00cdSTICA, DESARROLLA SUS HABILIDADES ORGANIZANDO EVENTOS CON EXACTO SENTIDO EST\u00c9TICO Y FACILIDAD BUROCR\u00c1TICA. DURANTE LOS \u00daLTIMOS 15 A\u00d1OS REALIZ\u00d3 VARIOS PROYECTOS DIFERENTES EN BRASIL, EUROPA Y M\u00c9XICO.<\/b><\/span><\/p>\n<p><span style=\"color: #ffffff;\"><b>ADICTA AL YOGA Y LA NATURALEZA, SIEMPRE EST\u00c1 BUSCANDO EL PR\u00d3XIMO RETO.<\/b><\/span><\/p>\t\t\t\t\t\t\t\t<\/div>\n\t\t\t\t<\/div>\n\t\t\t\t\t<\/div>\n\t\t<\/div>\n\t\t\t\t<div class=\"elementor-column elementor-col-33 elementor-top-column elementor-element elementor-element-355bfb6\" data-id=\"355bfb6\" data-element_type=\"column\">\n\t\t\t<div class=\"elementor-widget-wrap\">\n\t\t\t\t\t\t\t<\/div>\n\t\t<\/div>\n\t\t\t\t\t<\/div>\n\t\t<\/section>\n\t\t\t\t<\/div>","protected":false},"excerpt":{"rendered":"<p>MYRELLA winter MYRELLA IS A SENIOR EVENT PRODUCER WHO LOVES SERVING OTHERS NEEDS AND MAKING THE MOST OF THE OPPORTUNITIES.&nbsp;CONTRIBUTING TO SOCIETY AND LEARNING NEW SKILLS ARE HER GOALS.&nbsp; GRADUATED IN EDUCATION ARTS, SHE DEVELOPS HER ABILITIES BY ORGANIZING EVENTS WITH AN ACCURATE AESTHETIC SENSE AND BUREAUCRATIC FACILITY. FOR THE LAST 15 YEARS PRODUCED SEVERAL [&hellip;]<\/p>","protected":false},"author":1,"featured_media":0,"parent":0,"menu_order":0,"comment_status":"closed","ping_status":"closed","template":"page-templates\/timeline.php","meta":{"_monsterinsights_skip_tracking":false,"_monsterinsights_sitenote_active":false,"_monsterinsights_sitenote_note":"","_monsterinsights_sitenote_category":0,"_joinchat":[],"footnotes":""},"class_list":["post-2104","page","type-page","status-publish","hentry"],"aioseo_notices":[],"_links":{"self":[{"href":"https:\/\/www.filmwork.mx\/es\/wp-json\/wp\/v2\/pages\/2104","targetHints":{"allow":["GET"]}}],"collection":[{"href":"https:\/\/www.filmwork.mx\/es\/wp-json\/wp\/v2\/pages"}],"about":[{"href":"https:\/\/www.filmwork.mx\/es\/wp-json\/wp\/v2\/types\/page"}],"author":[{"embeddable":true,"href":"https:\/\/www.filmwork.mx\/es\/wp-json\/wp\/v2\/users\/1"}],"replies":[{"embeddable":true,"href":"https:\/\/www.filmwork.mx\/es\/wp-json\/wp\/v2\/comments?post=2104"}],"version-history":[{"count":43,"href":"https:\/\/www.filmwork.mx\/es\/wp-json\/wp\/v2\/pages\/2104\/revisions"}],"predecessor-version":[{"id":2158,"href":"https:\/\/www.filmwork.mx\/es\/wp-json\/wp\/v2\/pages\/2104\/revisions\/2158"}],"wp:attachment":[{"href":"https:\/\/www.filmwork.mx\/es\/wp-json\/wp\/v2\/media?parent=2104"}],"curies":[{"name":"wp","href":"https:\/\/api.w.org\/{rel}","templated":true}]}}