{"id":904,"date":"2022-02-15T20:21:37","date_gmt":"2022-02-15T20:21:37","guid":{"rendered":"https:\/\/www.filmwork.mx\/?page_id=904"},"modified":"2022-06-13T21:17:29","modified_gmt":"2022-06-13T21:17:29","slug":"live","status":"publish","type":"page","link":"https:\/\/www.filmwork.mx\/es\/live\/","title":{"rendered":"Live"},"content":{"rendered":"<div data-elementor-type=\"wp-page\" data-elementor-id=\"904\" class=\"elementor elementor-904\">\n\t\t\t\t\t\t<section class=\"elementor-section elementor-top-section elementor-element elementor-element-d29deb8 elementor-section-full_width elementor-section-height-full elementor-section-content-middle elementor-section-stretched elementor-section-height-default elementor-section-items-middle\" data-id=\"d29deb8\" data-element_type=\"section\" data-settings=\"{&quot;stretch_section&quot;:&quot;section-stretched&quot;}\">\n\t\t\t\t\t\t\t<div class=\"elementor-background-overlay\"><\/div>\n\t\t\t\t\t\t\t<div class=\"elementor-container elementor-column-gap-no\">\n\t\t\t\t\t<div class=\"elementor-column elementor-col-33 elementor-top-column elementor-element elementor-element-7086c3a\" data-id=\"7086c3a\" data-element_type=\"column\">\n\t\t\t<div class=\"elementor-widget-wrap\">\n\t\t\t\t\t\t\t<\/div>\n\t\t<\/div>\n\t\t\t\t<div class=\"elementor-column elementor-col-33 elementor-top-column elementor-element elementor-element-0e9d77d\" data-id=\"0e9d77d\" data-element_type=\"column\">\n\t\t\t<div class=\"elementor-widget-wrap elementor-element-populated\">\n\t\t\t\t\t\t<div class=\"elementor-element elementor-element-94fdc23 elementor-widget elementor-widget-heading\" data-id=\"94fdc23\" data-element_type=\"widget\" data-widget_type=\"heading.default\">\n\t\t\t\t<div class=\"elementor-widget-container\">\n\t\t\t\t\t<h2 class=\"elementor-heading-title elementor-size-default\">VIVIR<\/h2>\t\t\t\t<\/div>\n\t\t\t\t<\/div>\n\t\t\t\t<div class=\"elementor-element elementor-element-18b3132 elementor-widget elementor-widget-text-editor\" data-id=\"18b3132\" data-element_type=\"widget\" data-widget_type=\"text-editor.default\">\n\t\t\t\t<div class=\"elementor-widget-container\">\n\t\t\t\t\t\t\t\t\t<h4 style=\"color: #ffffff;\">Vive la vida al m\u00e1ximo porque solo pasa una vez, ten el coraje de seguir tu coraz\u00f3n y tu intuici\u00f3n, ellos de alguna manera ya saben lo que realmente quieres.<\/h4>\n<h4 style=\"color: #ffffff;\">Recuerda que la felicidad es una forma de viajar, no un destino.\u200b<\/h4>\t\t\t\t\t\t\t\t<\/div>\n\t\t\t\t<\/div>\n\t\t\t\t\t<\/div>\n\t\t<\/div>\n\t\t\t\t<div class=\"elementor-column elementor-col-33 elementor-top-column elementor-element elementor-element-201c943\" data-id=\"201c943\" data-element_type=\"column\">\n\t\t\t<div class=\"elementor-widget-wrap\">\n\t\t\t\t\t\t\t<\/div>\n\t\t<\/div>\n\t\t\t\t\t<\/div>\n\t\t<\/section>\n\t\t\t\t<\/div>","protected":false},"excerpt":{"rendered":"<p>LIVE Live life to the fullest because it only happens once, have the courage to follow your heart and intuition, they somehow already know what you truly want. Remember that happiness is a way of travel, not a destination.\u200b<\/p>","protected":false},"author":1,"featured_media":0,"parent":0,"menu_order":0,"comment_status":"closed","ping_status":"closed","template":"page-templates\/timeline.php","meta":{"_monsterinsights_skip_tracking":false,"_monsterinsights_sitenote_active":false,"_monsterinsights_sitenote_note":"","_monsterinsights_sitenote_category":0,"_joinchat":[],"footnotes":""},"class_list":["post-904","page","type-page","status-publish","hentry"],"aioseo_notices":[],"_links":{"self":[{"href":"https:\/\/www.filmwork.mx\/es\/wp-json\/wp\/v2\/pages\/904","targetHints":{"allow":["GET"]}}],"collection":[{"href":"https:\/\/www.filmwork.mx\/es\/wp-json\/wp\/v2\/pages"}],"about":[{"href":"https:\/\/www.filmwork.mx\/es\/wp-json\/wp\/v2\/types\/page"}],"author":[{"embeddable":true,"href":"https:\/\/www.filmwork.mx\/es\/wp-json\/wp\/v2\/users\/1"}],"replies":[{"embeddable":true,"href":"https:\/\/www.filmwork.mx\/es\/wp-json\/wp\/v2\/comments?post=904"}],"version-history":[{"count":43,"href":"https:\/\/www.filmwork.mx\/es\/wp-json\/wp\/v2\/pages\/904\/revisions"}],"predecessor-version":[{"id":2037,"href":"https:\/\/www.filmwork.mx\/es\/wp-json\/wp\/v2\/pages\/904\/revisions\/2037"}],"wp:attachment":[{"href":"https:\/\/www.filmwork.mx\/es\/wp-json\/wp\/v2\/media?parent=904"}],"curies":[{"name":"wp","href":"https:\/\/api.w.org\/{rel}","templated":true}]}}